{"id":2180,"date":"2016-11-30T12:39:31","date_gmt":"2016-11-30T11:39:31","guid":{"rendered":"http:\/\/www.wannabe-studios.com\/?page_id=2180\/"},"modified":"2020-01-08T17:58:34","modified_gmt":"2020-01-08T16:58:34","slug":"privacy-policy","status":"publish","type":"page","link":"https:\/\/www.wannabe-studios.com\/en\/privacy-policy\/","title":{"rendered":"Privacy Policy"},"content":{"rendered":"[vc_row type=&#8221;in_container&#8221; full_screen_row_position=&#8221;middle&#8221; scene_position=&#8221;center&#8221; text_color=&#8221;dark&#8221; text_align=&#8221;left&#8221; overlay_strength=&#8221;0.3&#8243; shape_divider_position=&#8221;bottom&#8221;][vc_column column_padding=&#8221;no-extra-padding&#8221; column_padding_position=&#8221;all&#8221; background_color_opacity=&#8221;1&#8243; background_hover_color_opacity=&#8221;1&#8243; column_shadow=&#8221;none&#8221; column_border_radius=&#8221;none&#8221; width=&#8221;1\/1&#8243; tablet_text_alignment=&#8221;default&#8221; phone_text_alignment=&#8221;default&#8221; column_border_width=&#8221;none&#8221; column_border_style=&#8221;solid&#8221;][vc_column_text]\n<h1>Privacy Policy<\/h1>\n[\/vc_column_text][\/vc_column][\/vc_row][vc_row type=&#8221;in_container&#8221; full_screen_row_position=&#8221;middle&#8221; scene_position=&#8221;center&#8221; text_color=&#8221;dark&#8221; text_align=&#8221;left&#8221; overlay_strength=&#8221;0.3&#8243; shape_divider_position=&#8221;bottom&#8221;][vc_column column_padding=&#8221;no-extra-padding&#8221; column_padding_position=&#8221;all&#8221; background_color_opacity=&#8221;1&#8243; background_hover_color_opacity=&#8221;1&#8243; column_shadow=&#8221;none&#8221; column_border_radius=&#8221;none&#8221; width=&#8221;1\/1&#8243; tablet_text_alignment=&#8221;default&#8221; phone_text_alignment=&#8221;default&#8221; column_border_width=&#8221;none&#8221; column_border_style=&#8221;solid&#8221;][vc_column_text]<strong>INFORMATIVA AI SENSI DELLA DISCIPLINA SULLA TUTELA DEI DATI PERSONALI.<\/strong><\/p>\n<p>Wannabe-Studios di Piccinini Marco (di seguito \u201cSociet\u00e0\u201d) rende la presente informativa ai sensi e per gli effetti dell\u2019art. 13 del Regolamento (UE) 2016\/679 (di seguito \u201cGDPR\u201d), relativo alla protezione delle persone fisiche con riguardo al trattamento dei dati personali, allo scopo di farti conoscere le finalit\u00e0 e le modalit\u00e0 del trattamento dei dati personali che potresti comunicare durante la navigazione nel presente sito web (di seguito \u201cSito\u201d).<\/p>\n<p>Si precisa che la presente informativa si riferisce unicamente al Sito e non a siti web di soggetti terzi, eventualmente raggiungibili dall\u2019Utente mediante link in esso presenti.<\/p>\n<p><strong>CATEGORIE DI DATI TRATTATI<\/strong><\/p>\n<p><strong>Dati di navigazione<\/strong><\/p>\n<p>I sistemi informatici e le procedure software preposte al funzionamento di questo sito web acquisiscono, nel corso del loro normale esercizio, alcuni dati personali la cui trasmissione \u00e8 implicita nell\u2019uso dei protocolli di comunicazione di Internet. Si tratta di informazioni che non sono raccolte per essere associate a interessati identificati, ma che per loro stessa natura potrebbero, attraverso elaborazioni ed associazioni con dati detenuti da terzi, permettere di identificare gli utenti. In questa categoria di dati rientrano, ad esempio, gli indirizzi IP o i nomi a dominio dei computer utilizzati dagli utenti che si connettono al sito, gli indirizzi in notazione URI (Uniform Resource Identifier) delle risorse richieste, l\u2019orario della richiesta, il metodo utilizzato nel sottoporre la richiesta al server, la dimensione del file ottenuto in risposta, il codice numerico indicante lo stato della risposta data dal server (buon fine, errore, ecc.) ed altri parametri relativi al sistema operativo e all\u2019ambiente informatico dell\u2019utente. Questi dati vengono utilizzati al solo fine di ricavare informazioni statistiche anonime sull\u2019uso del sito e per controllarne il corretto funzionamento e vengono cancellati immediatamente dopo l\u2019elaborazione.<\/p>\n<p><strong>Dati forniti volontariamente dall\u2019Utente<\/strong><\/p>\n<p>L\u2019invio facoltativo, esplicito e volontario di posta elettronica agli indirizzi indicati nel Sito comporta la successiva acquisizione dell\u2019indirizzo del mittente, necessario per rispondere alle richieste, nonch\u00e9 degli eventuali altri dati personali inseriti nella missiva. Specifiche informative di sintesi vengono inoltre riportate o visualizzate nelle sezioni del Sito predisposte per particolari servizi a richiesta e sottoposte, se del caso, al consenso dell\u2019interessato.<\/p>\n<p><strong>Cookie<\/strong><\/p>\n<p>In conformit\u00e0 al Provvedimento del Garante per la protezione dei dati personali n. 229 dell\u20198 maggio 2014, recante \u201cIndividuazione delle modalit\u00e0 semplificate per l\u2019informativa e l\u2019acquisizione del consenso per l\u2019uso dei cookie\u201d, la Societ\u00e0 informa gli utenti sull\u2019utilizzo dei cookie di navigazione nel presente Sito. Si precisa che la presente informativa si riferisce unicamente al Sito e non a siti web di soggetti terzi, eventualmente raggiungibili dall\u2019Utente mediante link in esso presenti.<\/p>\n<p><strong>Cosa sono i cookie<\/strong><\/p>\n<p>Un cookie \u00e8 un file di piccole dimensioni che viene inviato al browser in uso e salvato sul tuo dispositivo quando visiti un sito internet come www.wannebe-studios.com i cookie permettono un funzionamento efficiente del Sito e ne migliorano le prestazioni, forniscono informazioni al proprietario del Sito per fini statistici o pubblicitari, principalmente per personalizzare la tua esperienza di navigazione ricordando le tue preferenze. Il Sito utilizza diverse tipologie di cookie di prima parte (predisposti e gestiti dalla Societ\u00e0 e di terze parti (predisposti e gestiti da soggetti terzi in base alle proprie privacy policy e non sotto il controllo della Societ\u00e0)<strong>:<\/strong>\u00a0di seguito una tabella esplicativa<\/p>\n<p>&nbsp;<\/p>\n<table>\n<tbody>\n<tr>\n<td width=\"321\"><strong>TIPOLOGIA DI COOKIE<\/strong><\/td>\n<td width=\"321\"><strong>FUNZIONE<\/strong><\/td>\n<\/tr>\n<tr>\n<td width=\"321\">cookie tecnici (di sessione o navigazione)<\/td>\n<td width=\"321\">Garantiscono la normale navigazione e fruizione del sito web e sono quindi finalizzati a rendere funzionale ed ottimizzare la stessa navigazione all\u2019interno del sito.<\/td>\n<\/tr>\n<tr>\n<td width=\"321\">cookie di funzionalit\u00e0<\/td>\n<td width=\"321\">Sono strettamente necessari per fornire servizi esplicitamente richiesti dall\u2019utente.<\/td>\n<\/tr>\n<tr>\n<td width=\"321\">cookie analitici prima parte<\/td>\n<td width=\"321\">Sono utilizzati e realizzati esclusivamente dalla Societ\u00e0, per raccogliere informazioni, in forma aggregata ed anonima, sul numero degli utenti e su come gli utenti visitano il sito.<\/td>\n<\/tr>\n<tr>\n<td width=\"321\">cookie analitici terze parti (es. Google Analytics)<\/td>\n<td width=\"321\">La Societ\u00e0 ha adottato idonei strumenti per far s\u00ec che il trattamento con questi cookie sia effettuato per meri fini statistici.<\/td>\n<\/tr>\n<\/tbody>\n<\/table>\n<p>&nbsp;<\/p>\n<p><strong>Abilitazione e disabilitazione dei cookie dal Browser<\/strong><\/p>\n<p><em>\u00a0<\/em>La maggior parte dei browser \u00e8 configurata per accettare, controllare o eventualmente disabilitare i cookie attraverso le impostazioni. Ti ricordiamo tuttavia che disabilitare i cookie di navigazione o quelli funzionali pu\u00f2 causare un insoddisfacente funzionamento del sito e\/o limitare il servizio che offriamo.<\/p>\n<p>Qui sotto il percorso da seguire per gestire i cookie dai seguenti browser:<\/p>\n<p>Internet Explorer:\u00a0<a href=\"https:\/\/support.microsoft.com\/it-it\/help\/17442\/windows-internet-explorer-delete-manage-cookies\">https:\/\/support.microsoft.com\/it-it\/help\/17442\/windows-internet-explorer-delete-manage-cookies<\/a><\/p>\n<p>Safari:\u00a0<a href=\"https:\/\/support.apple.com\/it-it\/guide\/safari\/manage-cookies-and-website-data-sfri11471\/mac\">https:\/\/support.apple.com\/it-it\/guide\/safari\/manage-cookies-and-website-data-sfri11471\/mac<\/a><\/p>\n<p>Firefox:\u00a0<a href=\"https:\/\/support.mozilla.org\/it\/kb\/Attivare%20e%20disattivare%20i%20cookie\">https:\/\/support.mozilla.org\/it\/kb\/Attivare%20e%20disattivare%20i%20cookie<\/a><\/p>\n<p>Chrome:\u00a0<a href=\"https:\/\/support.google.com\/chrome\/answer\/95647?hl=it-IT&amp;hlrm=fr&amp;hlrm=en\">https:\/\/support.google.com\/chrome\/answer\/95647?hl=it-IT&amp;hlrm=fr&amp;hlrm=en<\/a><\/p>\n<p>&nbsp;<\/p>\n<p>&nbsp;<\/p>\n<p><strong>FINALIT\u00c0 E BASE GIURIDICA DEL TRATTAMENTO, NATURA DEL CONFERIMENTO DEI DATI E CONSEGUENZE IN CASO DI RIFIUTO<\/strong><\/p>\n<p>La Societ\u00e0 tratter\u00e0 i tuoi dati per agevolare la navigazione e per fornire i servizi da te eventualmente richiesti tramite i moduli appositamente predisposti nel Sito. A parte quanto specificato per i dati di navigazione e per i cookie tecnici, nell\u2019ambito delle sezioni del Sito predisposte per particolari servizi a tua richiesta sarai libero di fornire i tuoi dati personali per le finalit\u00e0 riportate nelle rispettive informative, ma il loro mancato conferimento pu\u00f2 comportare l\u2019impossibilit\u00e0 di ottenere il servizio richiesto.<\/p>\n<p>&nbsp;<\/p>\n<p><strong>PERIODO DI CONSERVAZIONE DEI DATI<\/strong><\/p>\n<p>I dati personali raccolti attraverso l\u2019utilizzo del Sito sono trattati per il tempo strettamente necessario a conseguire gli scopi per cui sono stati raccolti nonch\u00e9, terminato quest\u2019ultimo, per i tempi eventualmente stabiliti dalle norme vigenti.<\/p>\n<p>Per maggiori dettagli, si rimanda alle informative predisposte per particolari servizi.<\/p>\n<p><strong>AMBITO DI COMUNICAZIONE DEI DATI E CATEGORIE DI DESTINATARI<\/strong><\/p>\n<p>Esclusivamente per le finalit\u00e0 sopra specificate, i dati raccolti ed elaborati potranno essere comunicati a figure interne autorizzate al trattamento in ragione delle rispettive mansioni, nonch\u00e9 a soggetti esterni a cui si rendesse necessario comunicare i dati. Tali destinatari, ove dovessero trattare dati per conto della Societ\u00e0, saranno designati come responsabili del trattamento con apposito contratto od altro atto giuridico.<\/p>\n<p>Per maggiori dettagli, si rimanda alle informative predisposte per particolari servizi.<\/p>\n<p><strong>TRASFERIMENTO DATI VERSO UN PAESE TERZO E\/O UN\u2019ORGANIZZAZIONE INTERNAZIONALE<\/strong><\/p>\n<p>I tuoi dati personali non saranno oggetto di trasferimento presso Paesi Terzi non europei. La Societ\u00e0 tuttavia, si riserva la possibilit\u00e0 di utilizzare servizi in cloud. In quest\u2019ultimo caso, i fornitori dei servizi saranno selezionati tra coloro che forniscono garanzie adeguate, cos\u00ec come previsto dall\u2019art. 46 GDPR 679\/16.<\/p>\n<p><strong>DIRITTI DEGLI INTERESSATI<\/strong><\/p>\n<p>Hai il diritto (v. artt. 15 -22 del GDPR) di chiedere alla ns. Societ\u00e0 di accedere ai tuoi dati personali e di rettificarli se inesatti, di cancellarli o limitarne il trattamento se ne ricorrono i presupposti, nonch\u00e9 di ottenere la portabilit\u00e0 dei dati da te forniti solo se oggetto di un trattamento automatizzato basato sul consenso o sul contratto. Hai altres\u00ec il diritto di revocare il consenso prestato per le finalit\u00e0 di trattamento che lo richiedono, ferma restando la liceit\u00e0 del trattamento effettuato sino al momento della revoca. Hai anche il diritto di proporre reclamo all\u2019autorit\u00e0 di controllo competente in materia, Garante per la protezione dei dati personali.<\/p>\n<p>Per maggiori dettagli, si rimanda alle informative predisposte per particolari servizi.<\/p>\n<p>&nbsp;<\/p>\n<p><strong>SOGGETTI DEL TRATTAMENTO<\/strong><\/p>\n<p>Titolare del trattamento dei Suoi dati personali \u00e8 Wannabe-Studios di Piccinini Marco, contattabile come tale al seguente indirizzo <a href=\"mailto:info@wannabe-studios.com\">info@wannabe-studios.com<\/a><\/p>\n<p><strong>Responsabile della protezione dei dati\/data protection officer<\/strong><\/p>\n<p>Il Responsabile della protezione dei dati\/data protection officer (RPD\/DPO) \u00e8 contattabile come tale al seguente indirizzo mail: <a href=\"mailto:info@wannabe-studios.com\">info@wannabe-studios.com<\/a><\/p>\n<p>Ultimo aggiornamento: gennaio 2020<\/p>\n<p>La presente Informativa potr\u00e0 subire variazioni. Si consiglia, quindi, di controllare regolarmente questa pagina web e di tenere in considerazione la versione pi\u00f9 aggiornata dell\u2019informativa ivi riportata.[\/vc_column_text][\/vc_column][\/vc_row]\n","protected":false},"excerpt":{"rendered":"<p>[vc_row type=&#8221;in_container&#8221; full_screen_row_position=&#8221;middle&#8221; scene_position=&#8221;center&#8221; text_color=&#8221;dark&#8221; text_align=&#8221;left&#8221; overlay_strength=&#8221;0.3&#8243; shape_divider_position=&#8221;bottom&#8221;][vc_column column_padding=&#8221;no-extra-padding&#8221; column_padding_position=&#8221;all&#8221; background_color_opacity=&#8221;1&#8243; background_hover_color_opacity=&#8221;1&#8243; column_shadow=&#8221;none&#8221; column_border_radius=&#8221;none&#8221; width=&#8221;1\/1&#8243; tablet_text_alignment=&#8221;default&#8221; phone_text_alignment=&#8221;default&#8221; column_border_width=&#8221;none&#8221; column_border_style=&#8221;solid&#8221;][vc_column_text] Privacy Policy [\/vc_column_text][\/vc_column][\/vc_row][vc_row type=&#8221;in_container&#8221; full_screen_row_position=&#8221;middle&#8221; scene_position=&#8221;center&#8221; text_color=&#8221;dark&#8221; text_align=&#8221;left&#8221; overlay_strength=&#8221;0.3&#8243; shape_divider_position=&#8221;bottom&#8221;][vc_column column_padding=&#8221;no-extra-padding&#8221; column_padding_position=&#8221;all&#8221; background_color_opacity=&#8221;1&#8243; background_hover_color_opacity=&#8221;1&#8243; column_shadow=&#8221;none&#8221; column_border_radius=&#8221;none&#8221; width=&#8221;1\/1&#8243; tablet_text_alignment=&#8221;default&#8221; phone_text_alignment=&#8221;default&#8221; column_border_width=&#8221;none&#8221; column_border_style=&#8221;solid&#8221;][vc_column_text]INFORMATIVA AI SENSI DELLA DISCIPLINA SULLA TUTELA DEI DATI PERSONALI. Wannabe-Studios di Piccinini Marco (di seguito \u201cSociet\u00e0\u201d) rende la presente informativa&#8230;<\/p>\n","protected":false},"author":1,"featured_media":0,"parent":0,"menu_order":0,"comment_status":"closed","ping_status":"closed","template":"","meta":{"footnotes":""},"class_list":["post-2180","page","type-page","status-publish"],"_links":{"self":[{"href":"https:\/\/www.wannabe-studios.com\/en\/wp-json\/wp\/v2\/pages\/2180","targetHints":{"allow":["GET"]}}],"collection":[{"href":"https:\/\/www.wannabe-studios.com\/en\/wp-json\/wp\/v2\/pages"}],"about":[{"href":"https:\/\/www.wannabe-studios.com\/en\/wp-json\/wp\/v2\/types\/page"}],"author":[{"embeddable":true,"href":"https:\/\/www.wannabe-studios.com\/en\/wp-json\/wp\/v2\/users\/1"}],"replies":[{"embeddable":true,"href":"https:\/\/www.wannabe-studios.com\/en\/wp-json\/wp\/v2\/comments?post=2180"}],"version-history":[{"count":0,"href":"https:\/\/www.wannabe-studios.com\/en\/wp-json\/wp\/v2\/pages\/2180\/revisions"}],"wp:attachment":[{"href":"https:\/\/www.wannabe-studios.com\/en\/wp-json\/wp\/v2\/media?parent=2180"}],"curies":[{"name":"wp","href":"https:\/\/api.w.org\/{rel}","templated":true}]}}